{"id":139,"date":"2018-02-04T21:38:34","date_gmt":"2018-02-04T20:38:34","guid":{"rendered":"http:\/\/pistartevasion.com\/?page_id=139"},"modified":"2019-03-30T21:16:39","modified_gmt":"2019-03-30T20:16:39","slug":"le-debut-dune-grande-aventure","status":"publish","type":"page","link":"https:\/\/pistartevasion.com\/index.php\/le-debut-dune-grande-aventure\/","title":{"rendered":"L\u2019\u00e9quipage"},"content":{"rendered":"<h2><\/h2>\n<p><img loading=\"lazy\" class=\"wp-image-302 alignnone\" style=\"outline: #72777c solid 1px; height: 231px; text-align: left; color: #333333; text-transform: none; text-indent: 0px; letter-spacing: normal; font-size: 16px; font-style: normal; font-variant: normal; font-weight: bold; text-decoration: none; word-spacing: 0px; white-space: normal; max-width: 826px; orphans: 2; -webkit-text-stroke-width: 0px; background-color: transparent;\" src=\"http:\/\/pistartevasion.com\/wp-content\/uploads\/2018\/02\/IMG_1890-e1518966117804.jpg\" alt=\"\" width=\"308\" height=\"208\" \/> \u00a0 \u00a0 \u00a0\u00a0 <b><img loading=\"lazy\" class=\"wp-image-300 alignnone\" src=\"http:\/\/pistartevasion.com\/wp-content\/uploads\/2018\/02\/IMG_1449.jpg\" alt=\"\" width=\"308\" height=\"231\" srcset=\"https:\/\/pistartevasion.com\/wp-content\/uploads\/2018\/02\/IMG_1449.jpg 3264w, https:\/\/pistartevasion.com\/wp-content\/uploads\/2018\/02\/IMG_1449-300x225.jpg 300w, https:\/\/pistartevasion.com\/wp-content\/uploads\/2018\/02\/IMG_1449-768x576.jpg 768w, https:\/\/pistartevasion.com\/wp-content\/uploads\/2018\/02\/IMG_1449-1024x768.jpg 1024w\" sizes=\"(max-width: 308px) 100vw, 308px\" \/><\/b><\/p>\n<p>&nbsp;<\/p>\n<p><b> <img loading=\"lazy\" class=\"alignright wp-image-301\" src=\"http:\/\/pistartevasion.com\/wp-content\/uploads\/2018\/02\/IMG_1467.jpg\" alt=\"\" width=\"277\" height=\"208\" srcset=\"https:\/\/pistartevasion.com\/wp-content\/uploads\/2018\/02\/IMG_1467.jpg 3264w, https:\/\/pistartevasion.com\/wp-content\/uploads\/2018\/02\/IMG_1467-300x225.jpg 300w, https:\/\/pistartevasion.com\/wp-content\/uploads\/2018\/02\/IMG_1467-768x576.jpg 768w, https:\/\/pistartevasion.com\/wp-content\/uploads\/2018\/02\/IMG_1467-1024x768.jpg 1024w\" sizes=\"(max-width: 277px) 100vw, 277px\" \/><\/b><\/p>\n<p style=\"text-align: justify;\"><span style=\"color: #000000;\"><strong>Manu et Eva<\/strong>\u00a0: parents de deux enfants<\/span><br \/>\n<span style=\"color: #000000;\"> <strong>Tim\u00e9o et Emma<\/strong>\u00a0: 9 ans et 7 ans lors du voyage<\/span><\/p>\n<p style=\"text-align: justify;\"><span style=\"color: #000000;\">Famille dynamique, toujours en qu\u00eate d&rsquo;aventures et de nouveaux d\u00e9fis \u00e0 relever<\/span><\/p>\n<p style=\"text-align: justify;\"><span style=\"color: #000000;\"><strong>Eva<\/strong>, N\u00e9e en 1985, psychomotricienne, passionn\u00e9e de danse, th\u00e9\u00e2tre, voyage et culture<\/span><\/p>\n<p style=\"text-align: justify;\"><span style=\"color: #000000;\"><strong>Manu<\/strong>, N\u00e9 en 1985, charg\u00e9 d&rsquo;installation et de maintenance dans une entreprise d&rsquo;\u00e9lectronique, passionn\u00e9 de m\u00e9canique, moto, 4&#215;4, aventure<\/span><\/p>\n<p style=\"text-align: justify;\"><span style=\"color: #000000;\">Tomb\u00e9 dans le monde du 4&#215;4 il y a 6 ans, nous avons fait de l&rsquo;itin\u00e9rance notre nouveau mode de vacances. Chaque ann\u00e9e de nouvelles destinations\u00a0: Traverse Pyr\u00e9n\u00e9enne, Alpes italiennes, Galice, Slov\u00e9nie, randos dans les r\u00e9gions fran\u00e7aises\u00a0: Jura, Auvergne, Normandie, Bretagne, Creuse, Cantal, Aubrac\u2026)<\/span><\/p>\n<p style=\"text-align: justify;\"><span style=\"color: #000000;\">Mais nous avions envie d&rsquo;horizons plus lointains. Vivre en famille, une r\u00e9elle aventure humaine et culturelle au long cours pour transmettre \u00e0 nos enfants combien les rencontres nous rendent plus grands, plus ouverts\u2026.leur faire d\u00e9couvrir un monde diff\u00e9rent.<\/span><br \/>\n<span style=\"color: #000000;\"> Apr\u00e8s de nombreuses tergiversions, de retour des vacances en septembre 2016, nous avons franchis le pas\u00a0: c&rsquo;est d\u00e9cid\u00e9 2019 serait l&rsquo;ann\u00e9e du grand d\u00e9part\u00a0!<\/span><\/p>\n<p>&nbsp;<\/p>\n<p>&nbsp;<\/p>\n","protected":false},"excerpt":{"rendered":"<p>\u00a0 \u00a0 \u00a0\u00a0 &nbsp; Manu et Eva\u00a0: parents de deux enfants Tim\u00e9o et Emma\u00a0: 9 ans et 7 ans lors du voyage Famille dynamique, toujours en qu\u00eate d&rsquo;aventures et de nouveaux d\u00e9fis \u00e0 relever Eva, N\u00e9e en 1985, psychomotricienne, passionn\u00e9e de danse, th\u00e9\u00e2tre, voyage et culture Manu, N\u00e9 en 1985, charg\u00e9 d&rsquo;installation et de maintenance<span class=\"read-more-wrap\"><a class=\"moretag\" href=\"https:\/\/pistartevasion.com\/index.php\/le-debut-dune-grande-aventure\/\">Lire la suite<span class=\"screen-reader-text\">L\u2019\u00e9quipage<\/span><\/a><\/span><\/p>\n","protected":false},"author":1,"featured_media":0,"parent":0,"menu_order":0,"comment_status":"closed","ping_status":"closed","template":"","meta":[],"_links":{"self":[{"href":"https:\/\/pistartevasion.com\/index.php\/wp-json\/wp\/v2\/pages\/139"}],"collection":[{"href":"https:\/\/pistartevasion.com\/index.php\/wp-json\/wp\/v2\/pages"}],"about":[{"href":"https:\/\/pistartevasion.com\/index.php\/wp-json\/wp\/v2\/types\/page"}],"author":[{"embeddable":true,"href":"https:\/\/pistartevasion.com\/index.php\/wp-json\/wp\/v2\/users\/1"}],"replies":[{"embeddable":true,"href":"https:\/\/pistartevasion.com\/index.php\/wp-json\/wp\/v2\/comments?post=139"}],"version-history":[{"count":24,"href":"https:\/\/pistartevasion.com\/index.php\/wp-json\/wp\/v2\/pages\/139\/revisions"}],"predecessor-version":[{"id":777,"href":"https:\/\/pistartevasion.com\/index.php\/wp-json\/wp\/v2\/pages\/139\/revisions\/777"}],"wp:attachment":[{"href":"https:\/\/pistartevasion.com\/index.php\/wp-json\/wp\/v2\/media?parent=139"}],"curies":[{"name":"wp","href":"https:\/\/api.w.org\/{rel}","templated":true}]}}