{"id":151,"date":"2018-02-04T21:57:49","date_gmt":"2018-02-04T20:57:49","guid":{"rendered":"http:\/\/pistartevasion.com\/?page_id=151"},"modified":"2019-03-30T21:57:21","modified_gmt":"2019-03-30T20:57:21","slug":"amenagement-4x4","status":"publish","type":"page","link":"https:\/\/pistartevasion.com\/index.php\/amenagement-4x4\/","title":{"rendered":"Am\u00e9nagement 4X4"},"content":{"rendered":"<h2><\/h2>\n<p><img loading=\"lazy\" class=\"wp-image-783 aligncenter\" src=\"http:\/\/pistartevasion.com\/wp-content\/uploads\/2018\/04\/P1000513.jpg\" alt=\"\" width=\"873\" height=\"655\" srcset=\"https:\/\/pistartevasion.com\/wp-content\/uploads\/2018\/04\/P1000513.jpg 4592w, https:\/\/pistartevasion.com\/wp-content\/uploads\/2018\/04\/P1000513-300x225.jpg 300w, https:\/\/pistartevasion.com\/wp-content\/uploads\/2018\/04\/P1000513-768x577.jpg 768w, https:\/\/pistartevasion.com\/wp-content\/uploads\/2018\/04\/P1000513-1024x769.jpg 1024w\" sizes=\"(max-width: 873px) 100vw, 873px\" \/><\/p>\n<p style=\"text-align: justify;\"><span style=\"color: #000000;\">Nous avons achet\u00e9 le v\u00e9hicule il y a maintenant 5 ans. Manu a quasiment tout refait dessus en ce qui concerne la m\u00e9canique&#8230;Cot\u00e9 am\u00e9nagement , les anciens propri\u00e9taires avaient fait install\u00e9 un ensemble de meubles et un syst\u00e8me couchette 2 places de chez Globe Camper. Ayant d\u00e9j\u00e0 dans l&rsquo;esprit de partir en voyage avec, c&rsquo;est d&rsquo;ailleurs cet \u00e9quipement qui nous avait d\u00e9cid\u00e9 \u00e0 acheter ce v\u00e9hicule.<\/span><\/p>\n<p><img loading=\"lazy\" class=\"wp-image-244 alignnone\" src=\"http:\/\/pistartevasion.com\/wp-content\/uploads\/2018\/02\/IMG_1591-e1518644159840.jpg\" alt=\"\" width=\"288\" height=\"384\" srcset=\"https:\/\/pistartevasion.com\/wp-content\/uploads\/2018\/02\/IMG_1591-e1518644159840.jpg 2448w, https:\/\/pistartevasion.com\/wp-content\/uploads\/2018\/02\/IMG_1591-e1518644159840-225x300.jpg 225w, https:\/\/pistartevasion.com\/wp-content\/uploads\/2018\/02\/IMG_1591-e1518644159840-768x1024.jpg 768w\" sizes=\"(max-width: 288px) 100vw, 288px\" \/> \u00a0<img loading=\"lazy\" class=\"wp-image-246 alignnone\" src=\"http:\/\/pistartevasion.com\/wp-content\/uploads\/2018\/02\/IMG_1594-e1518644347267.jpg\" alt=\"\" width=\"289\" height=\"385\" srcset=\"https:\/\/pistartevasion.com\/wp-content\/uploads\/2018\/02\/IMG_1594-e1518644347267.jpg 2448w, https:\/\/pistartevasion.com\/wp-content\/uploads\/2018\/02\/IMG_1594-e1518644347267-225x300.jpg 225w, https:\/\/pistartevasion.com\/wp-content\/uploads\/2018\/02\/IMG_1594-e1518644347267-768x1024.jpg 768w\" sizes=\"(max-width: 289px) 100vw, 289px\" \/><\/p>\n<p>&nbsp;<\/p>\n<p><img loading=\"lazy\" class=\"wp-image-243 alignnone\" src=\"http:\/\/pistartevasion.com\/wp-content\/uploads\/2018\/02\/IMG_1583.jpg\" alt=\"\" width=\"575\" height=\"433\" \/><\/p>\n<p>&nbsp;<\/p>\n<p style=\"text-align: justify;\"><span style=\"color: #000000;\">Au fur et \u00e0 mesure des ann\u00e9es et des voyages nous avons pu ajuster nos \u00e9quipements et ajouter de plus en plus de confort. Nous avons install\u00e9 une chaudi\u00e8re \u00e0 gaz pour l&rsquo;eau chaude, un r\u00e9servoir additionnel d&rsquo;eau, un store ext\u00e9rieur.<\/span><\/p>\n<p style=\"text-align: justify;\"><span style=\"color: #000000;\">L&rsquo;hiver dernier nous avons troqu\u00e9 notre tente de toit contre un toit relevable ICARUS\u00a0pour gagner en surface habitable en cas d&rsquo;intemp\u00e9rie. Nous avons \u00e9t\u00e9 le chercher chez Equipe Raid pr\u00e8s de Mulhouse. Le montage du toit \u00e0 domicile fut une sacr\u00e9e exp\u00e9rience\u00a0!<\/span><\/p>\n<p><img loading=\"lazy\" class=\"wp-image-248 alignnone\" src=\"http:\/\/pistartevasion.com\/wp-content\/uploads\/2018\/02\/treuil-1.jpg\" alt=\"\" width=\"339\" height=\"218\" srcset=\"https:\/\/pistartevasion.com\/wp-content\/uploads\/2018\/02\/treuil-1.jpg 945w, https:\/\/pistartevasion.com\/wp-content\/uploads\/2018\/02\/treuil-1-300x193.jpg 300w, https:\/\/pistartevasion.com\/wp-content\/uploads\/2018\/02\/treuil-1-768x495.jpg 768w\" sizes=\"(max-width: 339px) 100vw, 339px\" \/>\u00a0 \u00a0 \u00a0 \u00a0<img loading=\"lazy\" class=\"wp-image-242 alignnone\" src=\"http:\/\/pistartevasion.com\/wp-content\/uploads\/2018\/02\/4A7C9CCDC8004A23933DA5A9A1586643-2.jpg\" alt=\"\" width=\"223\" height=\"297\" srcset=\"https:\/\/pistartevasion.com\/wp-content\/uploads\/2018\/02\/4A7C9CCDC8004A23933DA5A9A1586643-2.jpg 484w, https:\/\/pistartevasion.com\/wp-content\/uploads\/2018\/02\/4A7C9CCDC8004A23933DA5A9A1586643-2-225x300.jpg 225w\" sizes=\"(max-width: 223px) 100vw, 223px\" \/><\/p>\n<p><span style=\"color: #000000;\">A 7 mois du d\u00e9part, l&rsquo;am\u00e9nagement int\u00e9rieur est maintenant quasiment fini. Nous avons pu le tester cet \u00e9t\u00e9 en conditions r\u00e9elles,dans les Alpes afin de pr\u00e9voir les derni\u00e8res modifications.<\/span><\/p>\n<p><span style=\"color: #000000;\">Une table a \u00e9t\u00e9 rajout\u00e9e pour pouvoir manger en cas d&rsquo;intemp\u00e9ries prolong\u00e9e. A 4 cela reste un peu compliqu\u00e9 mais c&rsquo;est toujours mieux que rien !\u00a0\u00a0\u00a0\u00a0\u00a0 <\/span><\/p>\n<p><img loading=\"lazy\" class=\"wp-image-624 alignnone\" style=\"outline: #72777c solid 1px; height: 270px; text-align: left; color: #000000; text-transform: none; text-indent: 0px; letter-spacing: normal; font-size: 16px; font-style: normal; font-variant: normal; font-weight: 400; text-decoration: none; word-spacing: 0px; white-space: normal; max-width: 826px; orphans: 2; -webkit-text-stroke-width: 0px; background-color: transparent;\" src=\"http:\/\/pistartevasion.com\/wp-content\/uploads\/2018\/09\/IMG_3861.jpg\" alt=\"\" width=\"360\" height=\"236\" \/><b><\/b><i><\/i><u><\/u><\/p>\n<p><b><img loading=\"lazy\" class=\"wp-image-622 alignleft\" src=\"http:\/\/pistartevasion.com\/wp-content\/uploads\/2018\/09\/IMG_3859.jpg\" alt=\"\" width=\"361\" height=\"271\" srcset=\"https:\/\/pistartevasion.com\/wp-content\/uploads\/2018\/09\/IMG_3859.jpg 3264w, https:\/\/pistartevasion.com\/wp-content\/uploads\/2018\/09\/IMG_3859-300x225.jpg 300w, https:\/\/pistartevasion.com\/wp-content\/uploads\/2018\/09\/IMG_3859-768x576.jpg 768w, https:\/\/pistartevasion.com\/wp-content\/uploads\/2018\/09\/IMG_3859-1024x768.jpg 1024w\" sizes=\"(max-width: 361px) 100vw, 361px\" \/><\/b><i><\/i><u><\/u><b><\/b><i><\/i><u><\/u><\/p>\n<p>&nbsp;<\/p>\n<p>&nbsp;<\/p>\n<p>&nbsp;<\/p>\n<p>&nbsp;<\/p>\n<p>&nbsp;<\/p>\n<p>&nbsp;<\/p>\n<p>&nbsp;<\/p>\n<p>&nbsp;<\/p>\n<p><span style=\"color: #000000;\">On est tr\u00e8s content du chauffage WEBASTO qui permet de r\u00e9chauffer l&rsquo;habitacle avant de dormir le soir ( tr\u00e8s utile cet \u00e9t\u00e9 quand nous dormions \u00e0 plus de 2000 m\u00e8tres d&rsquo;altitude !) et surtout de faire disparaitre la condensation et l&rsquo;humidit\u00e9 du petit matin avant de replier le toit relevable.<\/span><\/p>\n<p><span style=\"color: #000000;\">Enfin nous avons choisi d&rsquo;ajouter un panneau solaire afin d&rsquo;avoir une plus grande autonomie de batterie. Le chauffage et le frigo \u00e9tant assez \u00e9nergivore cela s&rsquo;av\u00e8rera plus que pratique lorsqu&rsquo;on d\u00e9cidera de rester plusieurs jours sur place sans rouler.<\/span><\/p>\n<h2><img loading=\"lazy\" class=\" wp-image-612 alignnone\" src=\"http:\/\/pistartevasion.com\/wp-content\/uploads\/2018\/09\/IMG_4127.jpg\" alt=\"\" width=\"298\" height=\"223\" srcset=\"https:\/\/pistartevasion.com\/wp-content\/uploads\/2018\/09\/IMG_4127.jpg 3264w, https:\/\/pistartevasion.com\/wp-content\/uploads\/2018\/09\/IMG_4127-300x225.jpg 300w, https:\/\/pistartevasion.com\/wp-content\/uploads\/2018\/09\/IMG_4127-768x576.jpg 768w, https:\/\/pistartevasion.com\/wp-content\/uploads\/2018\/09\/IMG_4127-1024x768.jpg 1024w\" sizes=\"(max-width: 298px) 100vw, 298px\" \/> \u00a0<img loading=\"lazy\" class=\"wp-image-610 alignnone\" src=\"http:\/\/pistartevasion.com\/wp-content\/uploads\/2018\/09\/IMG_4123.jpg\" alt=\"\" width=\"296\" height=\"222\" srcset=\"https:\/\/pistartevasion.com\/wp-content\/uploads\/2018\/09\/IMG_4123.jpg 3264w, https:\/\/pistartevasion.com\/wp-content\/uploads\/2018\/09\/IMG_4123-300x225.jpg 300w, https:\/\/pistartevasion.com\/wp-content\/uploads\/2018\/09\/IMG_4123-768x576.jpg 768w, https:\/\/pistartevasion.com\/wp-content\/uploads\/2018\/09\/IMG_4123-1024x768.jpg 1024w\" sizes=\"(max-width: 296px) 100vw, 296px\" \/><\/h2>\n<p><img loading=\"lazy\" class=\"wp-image-616 alignnone\" src=\"http:\/\/pistartevasion.com\/wp-content\/uploads\/2018\/09\/IMG_4366.jpg\" alt=\"\" width=\"298\" height=\"223\" srcset=\"https:\/\/pistartevasion.com\/wp-content\/uploads\/2018\/09\/IMG_4366.jpg 3264w, https:\/\/pistartevasion.com\/wp-content\/uploads\/2018\/09\/IMG_4366-300x225.jpg 300w, https:\/\/pistartevasion.com\/wp-content\/uploads\/2018\/09\/IMG_4366-768x576.jpg 768w, https:\/\/pistartevasion.com\/wp-content\/uploads\/2018\/09\/IMG_4366-1024x768.jpg 1024w\" sizes=\"(max-width: 298px) 100vw, 298px\" \/> \u00a0\u00a0 <img loading=\"lazy\" class=\"wp-image-615 alignnone\" src=\"http:\/\/pistartevasion.com\/wp-content\/uploads\/2018\/09\/IMG_4365.jpg\" alt=\"\" width=\"299\" height=\"224\" srcset=\"https:\/\/pistartevasion.com\/wp-content\/uploads\/2018\/09\/IMG_4365.jpg 3264w, https:\/\/pistartevasion.com\/wp-content\/uploads\/2018\/09\/IMG_4365-300x225.jpg 300w, https:\/\/pistartevasion.com\/wp-content\/uploads\/2018\/09\/IMG_4365-768x576.jpg 768w, https:\/\/pistartevasion.com\/wp-content\/uploads\/2018\/09\/IMG_4365-1024x768.jpg 1024w\" sizes=\"(max-width: 299px) 100vw, 299px\" \/><\/p>\n<p>&nbsp;<\/p>\n<p>&nbsp;<\/p>\n","protected":false},"excerpt":{"rendered":"<p>Nous avons achet\u00e9 le v\u00e9hicule il y a maintenant 5 ans. Manu a quasiment tout refait dessus en ce qui concerne la m\u00e9canique&#8230;Cot\u00e9 am\u00e9nagement , les anciens propri\u00e9taires avaient fait install\u00e9 un ensemble de meubles et un syst\u00e8me couchette 2 places de chez Globe Camper. Ayant d\u00e9j\u00e0 dans l&rsquo;esprit de partir en voyage avec, c&rsquo;est<span class=\"read-more-wrap\"><a class=\"moretag\" href=\"https:\/\/pistartevasion.com\/index.php\/amenagement-4x4\/\">Lire la suite<span class=\"screen-reader-text\">Am\u00e9nagement 4X4<\/span><\/a><\/span><\/p>\n","protected":false},"author":1,"featured_media":0,"parent":0,"menu_order":0,"comment_status":"closed","ping_status":"closed","template":"","meta":[],"_links":{"self":[{"href":"https:\/\/pistartevasion.com\/index.php\/wp-json\/wp\/v2\/pages\/151"}],"collection":[{"href":"https:\/\/pistartevasion.com\/index.php\/wp-json\/wp\/v2\/pages"}],"about":[{"href":"https:\/\/pistartevasion.com\/index.php\/wp-json\/wp\/v2\/types\/page"}],"author":[{"embeddable":true,"href":"https:\/\/pistartevasion.com\/index.php\/wp-json\/wp\/v2\/users\/1"}],"replies":[{"embeddable":true,"href":"https:\/\/pistartevasion.com\/index.php\/wp-json\/wp\/v2\/comments?post=151"}],"version-history":[{"count":69,"href":"https:\/\/pistartevasion.com\/index.php\/wp-json\/wp\/v2\/pages\/151\/revisions"}],"predecessor-version":[{"id":787,"href":"https:\/\/pistartevasion.com\/index.php\/wp-json\/wp\/v2\/pages\/151\/revisions\/787"}],"wp:attachment":[{"href":"https:\/\/pistartevasion.com\/index.php\/wp-json\/wp\/v2\/media?parent=151"}],"curies":[{"name":"wp","href":"https:\/\/api.w.org\/{rel}","templated":true}]}}