{"id":223,"date":"2018-02-14T21:49:29","date_gmt":"2018-02-14T20:49:29","guid":{"rendered":"http:\/\/pistartevasion.com\/?page_id=223"},"modified":"2019-03-30T22:34:58","modified_gmt":"2019-03-30T21:34:58","slug":"mecanique","status":"publish","type":"page","link":"https:\/\/pistartevasion.com\/index.php\/mecanique\/","title":{"rendered":"Mecanique"},"content":{"rendered":"<p>&nbsp;<\/p>\n<p><img loading=\"lazy\" class=\"alignright size-full wp-image-656\" src=\"http:\/\/pistartevasion.com\/wp-content\/uploads\/2019\/01\/P1000117.jpg\" alt=\"\" width=\"4592\" height=\"3448\" srcset=\"https:\/\/pistartevasion.com\/wp-content\/uploads\/2019\/01\/P1000117.jpg 4592w, https:\/\/pistartevasion.com\/wp-content\/uploads\/2019\/01\/P1000117-300x225.jpg 300w, https:\/\/pistartevasion.com\/wp-content\/uploads\/2019\/01\/P1000117-768x577.jpg 768w, https:\/\/pistartevasion.com\/wp-content\/uploads\/2019\/01\/P1000117-1024x769.jpg 1024w\" sizes=\"(max-width: 4592px) 100vw, 4592px\" \/><\/p>\n<p>&nbsp;<\/p>\n<p style=\"text-align: justify;\"><span style=\"color: #000000;\">Nous partons \u00e0 bord d&rsquo;un vieux d\u00e9fender de 1990.<\/span><\/p>\n<p style=\"text-align: justify;\"><span style=\"color: #000000;\">Avant le grand d\u00e9part, une grande r\u00e9vision est de rigueur\u00a0! Le moteur sera refait int\u00e9gralement \u00e0 neuf !<\/span><\/p>\n<h2><span style=\"color: #000000;\">Preuve en image !<\/span><\/h2>\n<h2><\/h2>\n<h2><\/h2>\n<p><img loading=\"lazy\" class=\"wp-image-620 aligncenter\" src=\"http:\/\/pistartevasion.com\/wp-content\/uploads\/2018\/09\/IMG_4376.jpg\" alt=\"\" width=\"811\" height=\"609\" srcset=\"https:\/\/pistartevasion.com\/wp-content\/uploads\/2018\/09\/IMG_4376.jpg 3264w, https:\/\/pistartevasion.com\/wp-content\/uploads\/2018\/09\/IMG_4376-300x225.jpg 300w, https:\/\/pistartevasion.com\/wp-content\/uploads\/2018\/09\/IMG_4376-768x576.jpg 768w, https:\/\/pistartevasion.com\/wp-content\/uploads\/2018\/09\/IMG_4376-1024x768.jpg 1024w\" sizes=\"(max-width: 811px) 100vw, 811px\" \/><\/p>\n<p><img loading=\"lazy\" class=\" wp-image-678 aligncenter\" src=\"http:\/\/pistartevasion.com\/wp-content\/uploads\/2019\/02\/IMG_4368.jpg\" alt=\"\" width=\"817\" height=\"613\" srcset=\"https:\/\/pistartevasion.com\/wp-content\/uploads\/2019\/02\/IMG_4368.jpg 3264w, https:\/\/pistartevasion.com\/wp-content\/uploads\/2019\/02\/IMG_4368-300x225.jpg 300w, https:\/\/pistartevasion.com\/wp-content\/uploads\/2019\/02\/IMG_4368-768x576.jpg 768w, https:\/\/pistartevasion.com\/wp-content\/uploads\/2019\/02\/IMG_4368-1024x768.jpg 1024w\" sizes=\"(max-width: 817px) 100vw, 817px\" \/><\/p>\n<p><img loading=\"lazy\" class=\" wp-image-677 aligncenter\" src=\"http:\/\/pistartevasion.com\/wp-content\/uploads\/2019\/02\/IMG_0169.jpg\" alt=\"\" width=\"819\" height=\"615\" srcset=\"https:\/\/pistartevasion.com\/wp-content\/uploads\/2019\/02\/IMG_0169.jpg 3264w, https:\/\/pistartevasion.com\/wp-content\/uploads\/2019\/02\/IMG_0169-300x225.jpg 300w, https:\/\/pistartevasion.com\/wp-content\/uploads\/2019\/02\/IMG_0169-768x576.jpg 768w, https:\/\/pistartevasion.com\/wp-content\/uploads\/2019\/02\/IMG_0169-1024x768.jpg 1024w\" sizes=\"(max-width: 819px) 100vw, 819px\" \/><\/p>\n<p><img loading=\"lazy\" class=\"wp-image-549 aligncenter\" src=\"http:\/\/pistartevasion.com\/wp-content\/uploads\/2018\/05\/sdfdfsfsdfsd.jpg\" alt=\"\" width=\"844\" height=\"464\" srcset=\"https:\/\/pistartevasion.com\/wp-content\/uploads\/2018\/05\/sdfdfsfsdfsd.jpg 960w, https:\/\/pistartevasion.com\/wp-content\/uploads\/2018\/05\/sdfdfsfsdfsd-300x165.jpg 300w, https:\/\/pistartevasion.com\/wp-content\/uploads\/2018\/05\/sdfdfsfsdfsd-768x422.jpg 768w\" sizes=\"(max-width: 844px) 100vw, 844px\" \/><\/p>\n<p><img loading=\"lazy\" class=\"wp-image-780 aligncenter\" src=\"http:\/\/pistartevasion.com\/wp-content\/uploads\/2019\/03\/IMG_4603.jpg\" alt=\"\" width=\"848\" height=\"636\" srcset=\"https:\/\/pistartevasion.com\/wp-content\/uploads\/2019\/03\/IMG_4603.jpg 3264w, https:\/\/pistartevasion.com\/wp-content\/uploads\/2019\/03\/IMG_4603-300x225.jpg 300w, https:\/\/pistartevasion.com\/wp-content\/uploads\/2019\/03\/IMG_4603-768x576.jpg 768w, https:\/\/pistartevasion.com\/wp-content\/uploads\/2019\/03\/IMG_4603-1024x768.jpg 1024w\" sizes=\"(max-width: 848px) 100vw, 848px\" \/><\/p>\n<p><img loading=\"lazy\" class=\"wp-image-781 aligncenter\" src=\"http:\/\/pistartevasion.com\/wp-content\/uploads\/2019\/03\/IMG_4605.jpg\" alt=\"\" width=\"855\" height=\"642\" srcset=\"https:\/\/pistartevasion.com\/wp-content\/uploads\/2019\/03\/IMG_4605.jpg 3264w, https:\/\/pistartevasion.com\/wp-content\/uploads\/2019\/03\/IMG_4605-300x225.jpg 300w, https:\/\/pistartevasion.com\/wp-content\/uploads\/2019\/03\/IMG_4605-768x576.jpg 768w, https:\/\/pistartevasion.com\/wp-content\/uploads\/2019\/03\/IMG_4605-1024x768.jpg 1024w\" sizes=\"(max-width: 855px) 100vw, 855px\" \/><\/p>\n<p><img loading=\"lazy\" class=\" wp-image-679 aligncenter\" src=\"http:\/\/pistartevasion.com\/wp-content\/uploads\/2019\/02\/IMG_4627.jpg\" alt=\"\" width=\"822\" height=\"617\" srcset=\"https:\/\/pistartevasion.com\/wp-content\/uploads\/2019\/02\/IMG_4627.jpg 3264w, https:\/\/pistartevasion.com\/wp-content\/uploads\/2019\/02\/IMG_4627-300x225.jpg 300w, https:\/\/pistartevasion.com\/wp-content\/uploads\/2019\/02\/IMG_4627-768x576.jpg 768w, https:\/\/pistartevasion.com\/wp-content\/uploads\/2019\/02\/IMG_4627-1024x768.jpg 1024w\" sizes=\"(max-width: 822px) 100vw, 822px\" \/><\/p>\n<p><img loading=\"lazy\" class=\"wp-image-688 aligncenter\" src=\"http:\/\/pistartevasion.com\/wp-content\/uploads\/2019\/02\/IMG_20181125_173631.jpg\" alt=\"\" width=\"819\" height=\"615\" srcset=\"https:\/\/pistartevasion.com\/wp-content\/uploads\/2019\/02\/IMG_20181125_173631.jpg 4608w, https:\/\/pistartevasion.com\/wp-content\/uploads\/2019\/02\/IMG_20181125_173631-300x225.jpg 300w, https:\/\/pistartevasion.com\/wp-content\/uploads\/2019\/02\/IMG_20181125_173631-768x576.jpg 768w, https:\/\/pistartevasion.com\/wp-content\/uploads\/2019\/02\/IMG_20181125_173631-1024x768.jpg 1024w\" sizes=\"(max-width: 819px) 100vw, 819px\" \/><\/p>\n<h2><strong><span style=\"color: #000000;\">Installation de la cuve \u00e0 air comprim\u00e9.<\/span><\/strong><\/h2>\n<p><img loading=\"lazy\" class=\"wp-image-683 aligncenter\" src=\"http:\/\/pistartevasion.com\/wp-content\/uploads\/2019\/02\/IMG_20180701_090117.jpg\" alt=\"\" width=\"808\" height=\"455\" srcset=\"https:\/\/pistartevasion.com\/wp-content\/uploads\/2019\/02\/IMG_20180701_090117.jpg 5376w, https:\/\/pistartevasion.com\/wp-content\/uploads\/2019\/02\/IMG_20180701_090117-300x169.jpg 300w, https:\/\/pistartevasion.com\/wp-content\/uploads\/2019\/02\/IMG_20180701_090117-768x432.jpg 768w, https:\/\/pistartevasion.com\/wp-content\/uploads\/2019\/02\/IMG_20180701_090117-1024x576.jpg 1024w\" sizes=\"(max-width: 808px) 100vw, 808px\" \/><\/p>\n<p><img loading=\"lazy\" class=\" wp-image-682 aligncenter\" src=\"http:\/\/pistartevasion.com\/wp-content\/uploads\/2019\/02\/IMG_20180701_090038.jpg\" alt=\"\" width=\"815\" height=\"459\" srcset=\"https:\/\/pistartevasion.com\/wp-content\/uploads\/2019\/02\/IMG_20180701_090038.jpg 5376w, https:\/\/pistartevasion.com\/wp-content\/uploads\/2019\/02\/IMG_20180701_090038-300x169.jpg 300w, https:\/\/pistartevasion.com\/wp-content\/uploads\/2019\/02\/IMG_20180701_090038-768x432.jpg 768w, https:\/\/pistartevasion.com\/wp-content\/uploads\/2019\/02\/IMG_20180701_090038-1024x576.jpg 1024w\" sizes=\"(max-width: 815px) 100vw, 815px\" \/><\/p>\n<p><img loading=\"lazy\" class=\" wp-image-681 aligncenter\" src=\"http:\/\/pistartevasion.com\/wp-content\/uploads\/2019\/02\/IMG_20180701_090012.jpg\" alt=\"\" width=\"817\" height=\"460\" srcset=\"https:\/\/pistartevasion.com\/wp-content\/uploads\/2019\/02\/IMG_20180701_090012.jpg 5376w, https:\/\/pistartevasion.com\/wp-content\/uploads\/2019\/02\/IMG_20180701_090012-300x169.jpg 300w, https:\/\/pistartevasion.com\/wp-content\/uploads\/2019\/02\/IMG_20180701_090012-768x432.jpg 768w, https:\/\/pistartevasion.com\/wp-content\/uploads\/2019\/02\/IMG_20180701_090012-1024x576.jpg 1024w\" sizes=\"(max-width: 817px) 100vw, 817px\" \/><\/p>\n<h2><strong><span style=\"color: #000000;\">Sans oublier la m\u00e9canique du 4&#215;4 t\u00e9l\u00e9guid\u00e9 !<\/span><\/strong><\/h2>\n<h2><img loading=\"lazy\" class=\"alignright size-full wp-image-687\" src=\"http:\/\/pistartevasion.com\/wp-content\/uploads\/2019\/02\/IMG_20181114_183020.jpg\" alt=\"\" width=\"4608\" height=\"2592\" srcset=\"https:\/\/pistartevasion.com\/wp-content\/uploads\/2019\/02\/IMG_20181114_183020.jpg 4608w, https:\/\/pistartevasion.com\/wp-content\/uploads\/2019\/02\/IMG_20181114_183020-300x169.jpg 300w, https:\/\/pistartevasion.com\/wp-content\/uploads\/2019\/02\/IMG_20181114_183020-768x432.jpg 768w, https:\/\/pistartevasion.com\/wp-content\/uploads\/2019\/02\/IMG_20181114_183020-1024x576.jpg 1024w\" sizes=\"(max-width: 4608px) 100vw, 4608px\" \/><\/h2>\n<p>&nbsp;<\/p>\n<p>&nbsp;<\/p>\n<p>&nbsp;<\/p>\n<p>&nbsp;<\/p>\n<p>&nbsp;<\/p>\n<p>&nbsp;<\/p>\n<p>&nbsp;<\/p>\n<p>&nbsp;<\/p>\n<p>&nbsp;<\/p>\n<p>&nbsp;<\/p>\n<p>&nbsp;<\/p>\n<p>&nbsp;<\/p>\n<p>&nbsp;<\/p>\n<p>&nbsp;<\/p>\n<p>&nbsp;<\/p>\n<p>&nbsp;<\/p>\n<h2 style=\"text-align: justify;\"><\/h2>\n<p>&nbsp;<\/p>\n<p>&nbsp;<\/p>\n","protected":false},"excerpt":{"rendered":"<p>&nbsp; &nbsp; Nous partons \u00e0 bord d&rsquo;un vieux d\u00e9fender de 1990. Avant le grand d\u00e9part, une grande r\u00e9vision est de rigueur\u00a0! Le moteur sera refait int\u00e9gralement \u00e0 neuf ! Preuve en image ! Installation de la cuve \u00e0 air comprim\u00e9. Sans oublier la m\u00e9canique du 4&#215;4 t\u00e9l\u00e9guid\u00e9 ! &nbsp; &nbsp; &nbsp; &nbsp; &nbsp; &nbsp; &nbsp;<span class=\"read-more-wrap\"><a class=\"moretag\" href=\"https:\/\/pistartevasion.com\/index.php\/mecanique\/\">Lire la suite<span class=\"screen-reader-text\">Mecanique<\/span><\/a><\/span><\/p>\n","protected":false},"author":1,"featured_media":0,"parent":0,"menu_order":0,"comment_status":"closed","ping_status":"closed","template":"","meta":[],"_links":{"self":[{"href":"https:\/\/pistartevasion.com\/index.php\/wp-json\/wp\/v2\/pages\/223"}],"collection":[{"href":"https:\/\/pistartevasion.com\/index.php\/wp-json\/wp\/v2\/pages"}],"about":[{"href":"https:\/\/pistartevasion.com\/index.php\/wp-json\/wp\/v2\/types\/page"}],"author":[{"embeddable":true,"href":"https:\/\/pistartevasion.com\/index.php\/wp-json\/wp\/v2\/users\/1"}],"replies":[{"embeddable":true,"href":"https:\/\/pistartevasion.com\/index.php\/wp-json\/wp\/v2\/comments?post=223"}],"version-history":[{"count":62,"href":"https:\/\/pistartevasion.com\/index.php\/wp-json\/wp\/v2\/pages\/223\/revisions"}],"predecessor-version":[{"id":792,"href":"https:\/\/pistartevasion.com\/index.php\/wp-json\/wp\/v2\/pages\/223\/revisions\/792"}],"wp:attachment":[{"href":"https:\/\/pistartevasion.com\/index.php\/wp-json\/wp\/v2\/media?parent=223"}],"curies":[{"name":"wp","href":"https:\/\/api.w.org\/{rel}","templated":true}]}}