{"id":310,"date":"2018-02-18T18:53:43","date_gmt":"2018-02-18T17:53:43","guid":{"rendered":"http:\/\/pistartevasion.com\/?page_id=310"},"modified":"2019-02-01T01:13:40","modified_gmt":"2019-02-01T00:13:40","slug":"sante","status":"publish","type":"page","link":"https:\/\/pistartevasion.com\/index.php\/sante\/","title":{"rendered":"Sant\u00e9"},"content":{"rendered":"<h2>&#8211; Vaccins :<\/h2>\n<p><img loading=\"lazy\" class=\"wp-image-357 alignleft\" src=\"http:\/\/pistartevasion.com\/wp-content\/uploads\/2018\/02\/vaccin.png\" alt=\"\" width=\"216\" height=\"177\" \/><\/p>\n<p>&nbsp;<\/p>\n<p><span style=\"color: #000000;\">Le service des voyageurs du CHU recommande les vaccins suivants\u00a0pour les voyageurs traversant l&rsquo;Asie Centrale:<\/span><\/p>\n<p><span style=\"color: #000000;\"><strong>&#8211; l&rsquo;H\u00e9patite A<\/strong> (2 injection \u00e0 1 an d&rsquo;\u00e9cart pour une protection de 10 ans).<\/span><br \/>\n<span style=\"color: #000000;\"> Tarif\u00a0: environ 45 euros\/injection<\/span><\/p>\n<p><span style=\"color: #000000;\"><strong> &#8211; la Thyphoide<\/strong> ( 1 injection pour une protection d&rsquo;une dur\u00e9e de 3 ans).<\/span><br \/>\n<span style=\"color: #000000;\"> Tarif\u00a0: 56 euros\/injection<\/span><\/p>\n<p><span style=\"color: #000000;\"><strong> &#8211; l&rsquo;Enc\u00e9phalite \u00e0 tiques<\/strong> ( 3 injections \u00e0 5\/3\/0 mois avant le d\u00e9part pour une protection \u00e0 vie).<\/span><br \/>\n<span style=\"color: #000000;\"> Tarif\u00a0: 55 euros\/injection<\/span><\/p>\n<p><span style=\"color: #000000;\"><strong> &#8211; la Rage<\/strong> : comprenant auparavant 3 injections \u00e0 21\/14\/7 jours avant l&rsquo;exposition, <strong>depuis le 1er janvier 2019 la vaccination contre la rage ne comprend plus que 2 injections ! Elles ne peuvent \u00eatre faites qu&rsquo;\u00e0 l&rsquo;h\u00f4pital, dans le service de vaccination des voyageurs.<\/strong><\/span><\/p>\n<p><span style=\"color: #000000;\">Les r\u00e9serves de ce vaccin \u00e9tant toujours tr\u00e8s faible, il est parfois difficile de pouvoir se faire vacciner dans le centre de vaccination de son d\u00e9partement\u2026.il vaut mieux s&rsquo;y prendre un peu \u00e0 l&rsquo;avance!<\/span><br \/>\n<span style=\"color: #000000;\"> Tarif\u00a0: 48 euros\/injection<\/span><\/p>\n","protected":false},"excerpt":{"rendered":"<p>&#8211; Vaccins : &nbsp; Le service des voyageurs du CHU recommande les vaccins suivants\u00a0pour les voyageurs traversant l&rsquo;Asie Centrale: &#8211; l&rsquo;H\u00e9patite A (2 injection \u00e0 1 an d&rsquo;\u00e9cart pour une protection de 10 ans). Tarif\u00a0: environ 45 euros\/injection &#8211; la Thyphoide ( 1 injection pour une protection d&rsquo;une dur\u00e9e de 3 ans). Tarif\u00a0: 56 euros\/injection<span class=\"read-more-wrap\"><a class=\"moretag\" href=\"https:\/\/pistartevasion.com\/index.php\/sante\/\">Lire la suite<span class=\"screen-reader-text\">Sant\u00e9<\/span><\/a><\/span><\/p>\n","protected":false},"author":1,"featured_media":0,"parent":0,"menu_order":0,"comment_status":"closed","ping_status":"closed","template":"","meta":[],"_links":{"self":[{"href":"https:\/\/pistartevasion.com\/index.php\/wp-json\/wp\/v2\/pages\/310"}],"collection":[{"href":"https:\/\/pistartevasion.com\/index.php\/wp-json\/wp\/v2\/pages"}],"about":[{"href":"https:\/\/pistartevasion.com\/index.php\/wp-json\/wp\/v2\/types\/page"}],"author":[{"embeddable":true,"href":"https:\/\/pistartevasion.com\/index.php\/wp-json\/wp\/v2\/users\/1"}],"replies":[{"embeddable":true,"href":"https:\/\/pistartevasion.com\/index.php\/wp-json\/wp\/v2\/comments?post=310"}],"version-history":[{"count":11,"href":"https:\/\/pistartevasion.com\/index.php\/wp-json\/wp\/v2\/pages\/310\/revisions"}],"predecessor-version":[{"id":699,"href":"https:\/\/pistartevasion.com\/index.php\/wp-json\/wp\/v2\/pages\/310\/revisions\/699"}],"wp:attachment":[{"href":"https:\/\/pistartevasion.com\/index.php\/wp-json\/wp\/v2\/media?parent=310"}],"curies":[{"name":"wp","href":"https:\/\/api.w.org\/{rel}","templated":true}]}}